{"id":29,"date":"2020-07-19T12:27:13","date_gmt":"2020-07-19T12:27:13","guid":{"rendered":"http:\/\/iced.guide\/?page_id=29"},"modified":"2025-06-23T16:14:39","modified_gmt":"2025-06-23T16:14:39","slug":"details","status":"publish","type":"page","link":"https:\/\/iced.guide\/?page_id=29","title":{"rendered":"Warum ICED?"},"content":{"rendered":"\n<p class=\"has-medium-font-size\"><em>ICED ist der ultimative* und ganzheitliche <\/em><em>Guide zur Entwicklung von erfolgreichen Innovationen <\/em><\/p>\n\n\n\n<p>Beruhend auf einer Vielzahl von Projekten, von Startups bis zu weltweit agierenden Gro\u00dfkonzernen und DAX Unternehmen, ist ICED ein aus der Praxis f\u00fcr die Praxis entwickeltes Modell, das die besten aktuellen Methoden zu einem ganzheitlichen Ansatz kombiniert und den gesamten Innovationsprozess darstellt.<\/p>\n\n\n\n<p><\/p>\n\n\n\n<p class=\"has-medium-font-size\"><em>ICED \u2013 Der Guide zur Optimierung des Innovationsprozesses f\u00fcr zukunftssichere Innovationen.<\/em><\/p>\n\n\n\n<p>ICED ist ein flexibler Leitfaden, der den gesamten Innovationsprozess strukturiert und dabei die besten Methoden zu einem ganzheitlichen Ansatz kombiniert. Als offenes Modell l\u00e4sst sich ICED mit anderen Innovationsmethoden verkn\u00fcpfen und bleibt f\u00fcr zuk\u00fcnftige Entwicklungen anpassbar.<\/p>\n\n\n\n<p>Zukunftsorientierte Innovationen im Sinne von ICED ber\u00fccksichtigen bereits in der Entwicklung k\u00fcnftige Anforderungen, Marktver\u00e4nderungen und technologische Fortschritte. So dient ICED als dynamischer Guide, der Unternehmen durch die Herausforderungen der modernen Innovationslandschaft f\u00fchrt und nachhaltigen Mehrwert schafft.<\/p>\n\n\n\n<p><\/p>\n\n\n\n<p class=\"has-medium-font-size\"><em>ICED besteht aus vier Phasen und ist ein Akronym aus den Kernelementen der Grundprinzipien der einzelnen Phase.<\/em><\/p>\n\n\n\n<p>Betrachtet man die einzelnen Kernelemente der 12 Prinzipien etwas genauer, so ergeben sich aus deren Anfangsbuchstaben vier Phasen und das f\u00fcr den Prozess namensgebende Akronym ICED<\/p>\n\n\n\n<figure class=\"wp-block-table\"><table><tbody><tr><td><strong>Impuls<\/strong> \u2013 Wer war der Impulsgeber und was war der Grund?<br><strong>Intention <\/strong>\u2013 Was sind die Ziele der Beteiligten?<br><strong>Inner Motivation <\/strong>\u2013 Was ist die innere Motivation der Beteiligten?<br><strong>Compare <\/strong>\u2013 Vergleichen der aktuellen L\u00f6sungsans\u00e4tze<br><strong>Comprehend <\/strong>\u2013 Verstehen der aktuellen Hindernisse und&nbsp; Antriebe<br><strong>Challenge<\/strong> \u2013 Konkretisierung der Aufgabenstellung<br><strong>Explore and Create<\/strong> \u2013 Forschen und Entwickeln<br><strong>Evolve<\/strong> \u2013 Entwicklung von Prototypen<br><strong>Early evaluation<\/strong> \u2013 Fr\u00fches Testen <br><strong>Development<\/strong> \u2013 Schaffung der notwendigen Voraussetzungen und Entwicklung des Kernproduktes\/-L\u00f6sung<br><strong>Deliver<\/strong> \u2013 Umsetzung und Markteinf\u00fchrung<br><strong>Diffuse<\/strong> \u2013 Dauerhafte Verbreiterung und Vertiefung des Angebots<\/td><\/tr><\/tbody><\/table><\/figure>\n\n\n\n<p><strong>I: Impuls<\/strong>, <strong>Intention, Inner Motivation<\/strong><\/p>\n\n\n\n<p><strong>C: Compare, Comprehend, Challenge<\/strong><\/p>\n\n\n\n<p><strong>E: Explore and Create<\/strong>, <strong>Evolve, Early evaluation<\/strong><\/p>\n\n\n\n<p><strong>D: Development<\/strong>, <strong>Deliver<\/strong>, <strong>Diffuse<\/strong><\/p>\n\n\n\n<p><\/p>\n\n\n\n<figure class=\"wp-block-image size-large\"><img loading=\"lazy\" decoding=\"async\" width=\"318\" height=\"136\" src=\"https:\/\/iced.guide\/wp-content\/uploads\/2020\/07\/iced-sm.jpg\" alt=\"\" class=\"wp-image-65\" srcset=\"https:\/\/iced.guide\/wp-content\/uploads\/2020\/07\/iced-sm.jpg 318w, https:\/\/iced.guide\/wp-content\/uploads\/2020\/07\/iced-sm-300x128.jpg 300w\" sizes=\"auto, (max-width: 318px) 100vw, 318px\" \/><\/figure>\n\n\n\n<p><\/p>\n\n\n\n<p>Mehr zu ICED findest Du hier: <a href=\"http:\/\/iced.de\" data-type=\"link\" data-id=\"iced.de\">iced.de<\/a><\/p>\n","protected":false},"excerpt":{"rendered":"<p>ICED ist der ultimative* und ganzheitliche Guide zur Entwicklung von erfolgreichen Innovationen Beruhend auf einer Vielzahl von Projekten, von Startups bis zu weltweit agierenden Gro\u00dfkonzernen und DAX Unternehmen, ist ICED ein aus der Praxis f\u00fcr die Praxis entwickeltes Modell, das die besten aktuellen Methoden zu einem ganzheitlichen Ansatz kombiniert und den gesamten Innovationsprozess darstellt. ICED &hellip; <\/p>\n<p class=\"link-more\"><a href=\"https:\/\/iced.guide\/?page_id=29\" class=\"more-link\"><span class=\"screen-reader-text\">\u201eWarum ICED?\u201c<\/span> weiterlesen<\/a><\/p>\n","protected":false},"author":1,"featured_media":0,"parent":0,"menu_order":0,"comment_status":"closed","ping_status":"closed","template":"","meta":{"footnotes":""},"class_list":["post-29","page","type-page","status-publish","hentry"],"_links":{"self":[{"href":"https:\/\/iced.guide\/index.php?rest_route=\/wp\/v2\/pages\/29","targetHints":{"allow":["GET"]}}],"collection":[{"href":"https:\/\/iced.guide\/index.php?rest_route=\/wp\/v2\/pages"}],"about":[{"href":"https:\/\/iced.guide\/index.php?rest_route=\/wp\/v2\/types\/page"}],"author":[{"embeddable":true,"href":"https:\/\/iced.guide\/index.php?rest_route=\/wp\/v2\/users\/1"}],"replies":[{"embeddable":true,"href":"https:\/\/iced.guide\/index.php?rest_route=%2Fwp%2Fv2%2Fcomments&post=29"}],"version-history":[{"count":11,"href":"https:\/\/iced.guide\/index.php?rest_route=\/wp\/v2\/pages\/29\/revisions"}],"predecessor-version":[{"id":138,"href":"https:\/\/iced.guide\/index.php?rest_route=\/wp\/v2\/pages\/29\/revisions\/138"}],"wp:attachment":[{"href":"https:\/\/iced.guide\/index.php?rest_route=%2Fwp%2Fv2%2Fmedia&parent=29"}],"curies":[{"name":"wp","href":"https:\/\/api.w.org\/{rel}","templated":true}]}}