{"id":34,"date":"2020-07-19T18:07:45","date_gmt":"2020-07-19T18:07:45","guid":{"rendered":"http:\/\/iced.guide\/?page_id=34"},"modified":"2025-07-12T12:20:25","modified_gmt":"2025-07-12T12:20:25","slug":"ueber-den-autoren","status":"publish","type":"page","link":"https:\/\/iced.guide\/?page_id=34","title":{"rendered":"\u00dcber den Autor"},"content":{"rendered":"\n<p>Daniel Rauterberg ist Hochschuldozent, Coach f\u00fcr Innovation und Strategieentwicklung, sowie Erfinder und Autor von ICED. <br><br>Hierbei vereint er seine Erfahrungswerte als gelernter Bankkaufmann, Master of Business Administration (M.B.A.), Rechtsanwalt, Serial Entrepreneur, langj\u00e4hriger Unternehmensberater und Startup Coach.<\/p>\n\n\n\n<p>Seit 1998 hat er in \u00fcber 600 Projekten \u2013 darunter zahlreiche Workshops und Fachvortr\u00e4ge \u2013 Menschen aus unterschiedlichsten Bereichen, von Startups und internationalen Gro\u00dfkonzernen bis hin zu Studierenden, bei der Entwicklung innovativer Prozesse, Produkte und Gesch\u00e4ftsmodelle begleitet.<\/p>\n\n\n\n<p>Daniel Rauterberg vereinigt mit dem ICED Modell das \u201eOpen Mindset\u201c des Innovation Coaches mit der strukturierten und logischen Arbeitsweise eines Rechtsanwalt. Das Ergebnis ist eine einmalige Kombination und ausgepr\u00e4gt differenzierte Sicht- und Herangehensweise, die den Anwender Schritt f\u00fcr Schritt auf dem Weg zur erfolgreichen Innovation unterst\u00fctzt.<\/p>\n\n\n\n<figure class=\"wp-block-image size-large is-resized\"><img loading=\"lazy\" decoding=\"async\" width=\"902\" height=\"1024\" src=\"https:\/\/iced.guide\/wp-content\/uploads\/2020\/07\/Daniel-Rauterberg-ICED-sw-scaled-e1595232279910-902x1024.jpg\" alt=\"\" class=\"wp-image-86\" style=\"width:166px;height:188px\" srcset=\"https:\/\/iced.guide\/wp-content\/uploads\/2020\/07\/Daniel-Rauterberg-ICED-sw-scaled-e1595232279910-902x1024.jpg 902w, https:\/\/iced.guide\/wp-content\/uploads\/2020\/07\/Daniel-Rauterberg-ICED-sw-scaled-e1595232279910-264x300.jpg 264w, https:\/\/iced.guide\/wp-content\/uploads\/2020\/07\/Daniel-Rauterberg-ICED-sw-scaled-e1595232279910-768x872.jpg 768w, https:\/\/iced.guide\/wp-content\/uploads\/2020\/07\/Daniel-Rauterberg-ICED-sw-scaled-e1595232279910-1353x1536.jpg 1353w, https:\/\/iced.guide\/wp-content\/uploads\/2020\/07\/Daniel-Rauterberg-ICED-sw-scaled-e1595232279910.jpg 1504w\" sizes=\"auto, (max-width: 767px) 89vw, (max-width: 1000px) 54vw, (max-width: 1071px) 543px, 580px\" \/><\/figure>\n\n\n\n<p><\/p>\n\n\n<div class=\"wp-block-image\">\n<figure class=\"alignleft size-large is-resized\"><img loading=\"lazy\" decoding=\"async\" width=\"306\" height=\"436\" src=\"https:\/\/iced.guide\/wp-content\/uploads\/2020\/07\/978-3-658-22960-3.jpg\" alt=\"\" class=\"wp-image-80\" style=\"width:164px;height:234px\" srcset=\"https:\/\/iced.guide\/wp-content\/uploads\/2020\/07\/978-3-658-22960-3.jpg 306w, https:\/\/iced.guide\/wp-content\/uploads\/2020\/07\/978-3-658-22960-3-211x300.jpg 211w\" sizes=\"auto, (max-width: 306px) 100vw, 306px\" \/><\/figure><\/div>\n\n\n<div class=\"wp-block-group\"><div class=\"wp-block-group__inner-container is-layout-flow wp-block-group-is-layout-flow\">\n<p>Das ICED\u00a9-Modell: Entwicklung einer strukturierten Ablauforganisation bei Innovationsprozessen basierend auf bisher entwickelten Modellen und m\u00fcndend in einer neuen, offenen Systematik. <\/p>\n\n\n\n<p>Autor: Daniel Rauterberg<\/p>\n\n\n\n<p>Verlag: <a rel=\"noreferrer noopener\" href=\"http:\/\/www.springer.com\" target=\"_blank\">Springer Fachmedien Wiesbaden<\/a><\/p>\n\n\n\n<p>Erschienen in: <a href=\"https:\/\/www.springerprofessional.de\/aspekte-des-innovations-und-changemanagements\/16386018\">Aspekte des Innovations- und Changemanagements<\/a><\/p>\n<\/div><\/div>\n\n\n\n<p><\/p>\n\n\n\n<p>Mehr zu Thema erfolgreiche >Innovation und ICED findest Du hier: <a href=\"http:\/\/iced.de\" data-type=\"link\" data-id=\"iced.de\">iced.de<\/a><\/p>\n\n\n\n<p><\/p>\n","protected":false},"excerpt":{"rendered":"<p>Daniel Rauterberg ist Hochschuldozent, Coach f\u00fcr Innovation und Strategieentwicklung, sowie Erfinder und Autor von ICED. Hierbei vereint er seine Erfahrungswerte als gelernter Bankkaufmann, Master of Business Administration (M.B.A.), Rechtsanwalt, Serial Entrepreneur, langj\u00e4hriger Unternehmensberater und Startup Coach. Seit 1998 hat er in \u00fcber 600 Projekten \u2013 darunter zahlreiche Workshops und Fachvortr\u00e4ge \u2013 Menschen aus unterschiedlichsten Bereichen, &hellip; <\/p>\n<p class=\"link-more\"><a href=\"https:\/\/iced.guide\/?page_id=34\" class=\"more-link\"><span class=\"screen-reader-text\">\u201e\u00dcber den Autor\u201c<\/span> weiterlesen<\/a><\/p>\n","protected":false},"author":1,"featured_media":0,"parent":0,"menu_order":0,"comment_status":"closed","ping_status":"closed","template":"","meta":{"footnotes":""},"class_list":["post-34","page","type-page","status-publish","hentry"],"_links":{"self":[{"href":"https:\/\/iced.guide\/index.php?rest_route=\/wp\/v2\/pages\/34","targetHints":{"allow":["GET"]}}],"collection":[{"href":"https:\/\/iced.guide\/index.php?rest_route=\/wp\/v2\/pages"}],"about":[{"href":"https:\/\/iced.guide\/index.php?rest_route=\/wp\/v2\/types\/page"}],"author":[{"embeddable":true,"href":"https:\/\/iced.guide\/index.php?rest_route=\/wp\/v2\/users\/1"}],"replies":[{"embeddable":true,"href":"https:\/\/iced.guide\/index.php?rest_route=%2Fwp%2Fv2%2Fcomments&post=34"}],"version-history":[{"count":14,"href":"https:\/\/iced.guide\/index.php?rest_route=\/wp\/v2\/pages\/34\/revisions"}],"predecessor-version":[{"id":145,"href":"https:\/\/iced.guide\/index.php?rest_route=\/wp\/v2\/pages\/34\/revisions\/145"}],"wp:attachment":[{"href":"https:\/\/iced.guide\/index.php?rest_route=%2Fwp%2Fv2%2Fmedia&parent=34"}],"curies":[{"name":"wp","href":"https:\/\/api.w.org\/{rel}","templated":true}]}}